{"id":949,"date":"2021-01-22T21:14:49","date_gmt":"2021-01-22T20:14:49","guid":{"rendered":"http:\/\/magazine-bioinfo.be\/?post_type=product&#038;p=949"},"modified":"2025-07-10T11:24:01","modified_gmt":"2025-07-10T09:24:01","slug":"abonnement-magazine-bioinfo-1-an-9-magazine","status":"publish","type":"product","link":"https:\/\/magazine-bioinfo.be\/?product=abonnement-magazine-bioinfo-1-an-9-magazine","title":{"rendered":"Abonnement BIOINFO 1 an (8 Magazines)- 35\u20ac Belgique 45\u20ac Europe"},"content":{"rendered":"<p>8 parutions<\/p>\n<p>Mars &#8211; Avril &#8211; Mai &#8211; Juin (\u00e9t\u00e9) &#8211; Septembre &#8211; Octobre &#8211; Novembre &#8211; D\u00e9cembre\/janvier<\/p>\n<p>L&rsquo;abonnement prend cours le mois qui suit la r\u00e9ception de votre paiement<\/p>\n","protected":false},"excerpt":{"rendered":"<p>8 parutions Mars &#8211; Avril &#8211; Mai &#8211; Juin (\u00e9t\u00e9) &#8211; Septembre &#8211; Octobre &#8211; Novembre &#8211; D\u00e9cembre\/janvier L&rsquo;abonnement prend cours le mois qui suit la r\u00e9ception de votre paiement<\/p>\n","protected":false},"featured_media":1653,"template":"","meta":[],"product_brand":[],"product_cat":[17],"product_tag":[],"class_list":{"0":"post-949","1":"product","2":"type-product","3":"status-publish","4":"has-post-thumbnail","6":"product_cat-abonnement","8":"first","9":"instock","10":"shipping-taxable","11":"purchasable","12":"product-type-simple"},"_links":{"self":[{"href":"https:\/\/magazine-bioinfo.be\/index.php?rest_route=\/wp\/v2\/product\/949","targetHints":{"allow":["GET"]}}],"collection":[{"href":"https:\/\/magazine-bioinfo.be\/index.php?rest_route=\/wp\/v2\/product"}],"about":[{"href":"https:\/\/magazine-bioinfo.be\/index.php?rest_route=\/wp\/v2\/types\/product"}],"wp:featuredmedia":[{"embeddable":true,"href":"https:\/\/magazine-bioinfo.be\/index.php?rest_route=\/wp\/v2\/media\/1653"}],"wp:attachment":[{"href":"https:\/\/magazine-bioinfo.be\/index.php?rest_route=%2Fwp%2Fv2%2Fmedia&parent=949"}],"wp:term":[{"taxonomy":"product_brand","embeddable":true,"href":"https:\/\/magazine-bioinfo.be\/index.php?rest_route=%2Fwp%2Fv2%2Fproduct_brand&post=949"},{"taxonomy":"product_cat","embeddable":true,"href":"https:\/\/magazine-bioinfo.be\/index.php?rest_route=%2Fwp%2Fv2%2Fproduct_cat&post=949"},{"taxonomy":"product_tag","embeddable":true,"href":"https:\/\/magazine-bioinfo.be\/index.php?rest_route=%2Fwp%2Fv2%2Fproduct_tag&post=949"}],"curies":[{"name":"wp","href":"https:\/\/api.w.org\/{rel}","templated":true}]}}